{"id":180,"date":"2023-04-10T08:18:23","date_gmt":"2023-04-10T08:18:23","guid":{"rendered":"https:\/\/lanaranja.es\/?page_id=180"},"modified":"2023-04-10T08:24:56","modified_gmt":"2023-04-10T08:24:56","slug":"rangos","status":"publish","type":"page","link":"https:\/\/lanaranja.es\/index.php\/rangos\/","title":{"rendered":"Privilegios de Rango"},"content":{"rendered":"\n<p>Adquiriendo el rango [<strong>VIP<\/strong>] conseguir\u00e1s:<\/p>\n\n\n\n<ul class=\"wp-block-list\">\n<li>Hasta 5 puntos de sethome (Con el comando \/sethome)<\/li>\n\n\n\n<li>Hasta 2 parcelas permanentemente<\/li>\n\n\n\n<li>Acceso al comando \/fly (Para volar en todos los mundos)<\/li>\n\n\n\n<li>Acceso al comando \/sit (Para hacer el gesto de sentarse donde est\u00e9)<\/li>\n\n\n\n<li>Acceso al comando \/lay (Para hacer el gesto de acostarse donde est\u00e9s)<\/li>\n\n\n\n<li>Acceso al comando \/crawl (Para arrastrarse y nadar por la tierra)<\/li>\n\n\n\n<li>Acceso al comando \/spin (Para hacer el gesto de peonza donde est\u00e9)<\/li>\n\n\n\n<li>Acceso al comando \/bellyflop (Para hacer el gesto de desmayarte donde est\u00e9)<\/li>\n\n\n\n<li>Acceso al comando \/feed (Para alimentarse en momentos de necesidad)<\/li>\n\n\n\n<li>Acceso al comando \/heal (Para curarse en momentos de necesidad)<\/li>\n\n\n\n<li>Acceso al comando \/hat (Para ponerse cualquier objeto en la cabeza)<\/li>\n\n\n\n<li>Acceso al comando \/luz (Para iluminar su aventura siempre que quiera)<\/li>\n<\/ul>\n\n\n\n<p>Adquiriendo el rango [<strong>Premium<\/strong>] conseguir\u00e1s: (Todos los privilegios de <strong>VIP<\/strong> m\u00e1s lo siguiente)<\/p>\n\n\n\n<ul class=\"wp-block-list\">\n<li>Hasta 10 puntos de sethome (Con el comando \/sethome)<\/li>\n\n\n\n<li>Hasta 3 parcelas permanentemente (Iluminar tu aventura siempre que quieras)<\/li>\n\n\n\n<li>Acceso al comando \/nick (Para decorar tu nombre con colores y s\u00edmbolos)<\/li>\n\n\n\n<li>Acceso al comando \/workbench (Tu mesa de crafteo desde cualquier lugar)<\/li>\n\n\n\n<li>Acceso al comando \/anvil (Tu yunque desde cualquier lugar)<\/li>\n\n\n\n<li>Acceso al comando \/enderchest (Tu cofre de end desde cualquier lugar)<\/li>\n\n\n\n<li>Acceso al comando \/grindstone (Piedra afiladora desde cualquier lugar)<\/li>\n\n\n\n<li>Acceso al comando \/smithtable (Mesa de Herrer\u00eda desde cualquier lugar)<\/li>\n\n\n\n<li>Acceso al comando \/stonecutter (Cortapiedras desde cualquier lugar)<\/li>\n\n\n\n<li>Acceso al comando \/invisible (Efecto \u00abInvisibiliad\u00bb a un solo comando)<\/li>\n\n\n\n<li>Acceso al comando \/fix all (Podr\u00e1s arreglar todos tus objetos)<\/li>\n<\/ul>\n\n\n\n<p>Adquiriendo el rango [<strong>Leyenda<\/strong>] conseguir\u00e1s: (Todos los privilegios de [<strong>Premium<\/strong>] m\u00e1s lo siguiente)<\/p>\n\n\n\n<ul class=\"wp-block-list\">\n<li>Hasta 20 puntos de sethome (Con el comando \/sethome)<\/li>\n\n\n\n<li>Hasta 4 parcelas permanentemente<\/li>\n\n\n\n<li>Acceso a Tienda de Veh\u00edculos:\n<ul class=\"wp-block-list\">\n<li>Trenes<\/li>\n\n\n\n<li>HoverBikes<\/li>\n\n\n\n<li>Escobas M\u00e1gicas<\/li>\n\n\n\n<li>Helic\u00f3pteros<\/li>\n\n\n\n<li>Avionetas<\/li>\n\n\n\n<li>Coches de Carreras<\/li>\n\n\n\n<li>Excavadoras<\/li>\n\n\n\n<li>Submarinos<\/li>\n\n\n\n<li>Robots de Guerra<\/li>\n<\/ul>\n<\/li>\n\n\n\n<li>Acceso al comando \/stack (Fuerza la uni\u00f3n de objetos \u00fanicos)<\/li>\n\n\n\n<li>Acceso al comando \/god (Ser\u00e1s invencible, nada te afectar\u00e1)<\/li>\n\n\n\n<li>Acceso al comando \/velocidad (Obt\u00e9n Velocidad II siempre que quieras)<\/li>\n\n\n\n<li>Acceso al comando \/near (Obt\u00e9n una lista de los jugadores cercanos)<\/li>\n<\/ul>\n\n\n\n<p>Adquiriendo el rango [<strong>Supremo<\/strong>] conseguir\u00e1s: (Todos los privilegios de [<strong>Leyenda<\/strong>] m\u00e1s lo siguiente)<\/p>\n\n\n\n<ul class=\"wp-block-list\">\n<li>Hasta 30 puntos de sethome (Con el comando \/sethome)<\/li>\n\n\n\n<li>Hasta 5 parcelas permanentemente<\/li>\n\n\n\n<li>Acceso al comando \/creativo<\/li>\n\n\n\n<li>Podr\u00e1s escribir en colores en chat y carteles<\/li>\n\n\n\n<li>Podr\u00e1s disfrazarte de cualquier animal, monstruo, jugador y part\u00edcula.<\/li>\n\n\n\n<li>Podr\u00e1s ponerle nombres originales y coloridos a tus objetos<\/li>\n\n\n\n<li>Podr\u00e1s ponerle descripciones a tus objetos<\/li>\n\n\n\n<li>Tendr\u00e1s reservada una zona de 100&#215;100 en el Mundo Supremo<\/li>\n<\/ul>\n","protected":false},"excerpt":{"rendered":"<p>Adquiriendo el rango [VIP] conseguir\u00e1s: Adquiriendo el rango [Premium] conseguir\u00e1s: (Todos los privilegios de VIP m\u00e1s lo siguiente) Adquiriendo el rango [Leyenda] conseguir\u00e1s: (Todos los privilegios de [Premium] m\u00e1s lo siguiente) Adquiriendo el rango [Supremo] conseguir\u00e1s: (Todos los privilegios de [Leyenda] m\u00e1s lo siguiente)<\/p>\n","protected":false},"author":1,"featured_media":0,"parent":0,"menu_order":0,"comment_status":"closed","ping_status":"closed","template":"","meta":{"footnotes":""},"class_list":["post-180","page","type-page","status-publish","hentry"],"_links":{"self":[{"href":"https:\/\/lanaranja.es\/index.php\/wp-json\/wp\/v2\/pages\/180","targetHints":{"allow":["GET"]}}],"collection":[{"href":"https:\/\/lanaranja.es\/index.php\/wp-json\/wp\/v2\/pages"}],"about":[{"href":"https:\/\/lanaranja.es\/index.php\/wp-json\/wp\/v2\/types\/page"}],"author":[{"embeddable":true,"href":"https:\/\/lanaranja.es\/index.php\/wp-json\/wp\/v2\/users\/1"}],"replies":[{"embeddable":true,"href":"https:\/\/lanaranja.es\/index.php\/wp-json\/wp\/v2\/comments?post=180"}],"version-history":[{"count":5,"href":"https:\/\/lanaranja.es\/index.php\/wp-json\/wp\/v2\/pages\/180\/revisions"}],"predecessor-version":[{"id":194,"href":"https:\/\/lanaranja.es\/index.php\/wp-json\/wp\/v2\/pages\/180\/revisions\/194"}],"wp:attachment":[{"href":"https:\/\/lanaranja.es\/index.php\/wp-json\/wp\/v2\/media?parent=180"}],"curies":[{"name":"wp","href":"https:\/\/api.w.org\/{rel}","templated":true}]}}