{"id":61,"date":"2022-03-28T11:54:06","date_gmt":"2022-03-28T11:54:06","guid":{"rendered":"http:\/\/lanaranja.es\/?page_id=61"},"modified":"2022-04-04T01:56:04","modified_gmt":"2022-04-04T01:56:04","slug":"inicio","status":"publish","type":"page","link":"https:\/\/lanaranja.es\/","title":{"rendered":"Inicio"},"content":{"rendered":"\n<div class=\"wp-block-cover alignfull is-light hestia-clear-top-padding\"><span aria-hidden=\"true\" class=\"has-white-background-color has-background-dim-100 wp-block-cover__gradient-background has-background-dim\"><\/span><div class=\"wp-block-cover__inner-container is-layout-flow wp-block-cover-is-layout-flow\">\n<h2 class=\"has-text-align-center has-text-color wp-block-heading\" style=\"color:#3c4858\">Informaci\u00f3n<\/h2>\n\n\n\n<div class=\"wp-block-columns container is-layout-flex wp-container-core-columns-is-layout-28f84493 wp-block-columns-is-layout-flex\">\n<div class=\"wp-block-column is-layout-flow wp-block-column-is-layout-flow\">\n<div class=\"wp-block-group\"><div class=\"wp-block-group__inner-container is-layout-flow wp-block-group-is-layout-flow\">\n<figure class=\"wp-block-gallery aligncenter has-nested-images columns-default is-cropped wp-block-gallery-1 is-layout-flex wp-block-gallery-is-layout-flex\">\n<figure class=\"wp-block-image size-large\"><img loading=\"lazy\" decoding=\"async\" width=\"160\" height=\"160\" data-id=\"100\" src=\"https:\/\/lanaranja.es\/wp-content\/uploads\/2022\/03\/book-2.webp\" alt=\"\" class=\"wp-image-100\" srcset=\"https:\/\/lanaranja.es\/wp-content\/uploads\/2022\/03\/book-2.webp 160w, https:\/\/lanaranja.es\/wp-content\/uploads\/2022\/03\/book-2-150x150.webp 150w\" sizes=\"auto, (max-width: 160px) 100vw, 160px\" \/><\/figure>\n<\/figure>\n<\/div><\/div>\n\n\n\n<h5 class=\"has-text-align-center has-text-color wp-block-heading\" style=\"color:#3c4858;font-size:18px\">Informaci\u00f3n General<\/h5>\n\n\n\n<p class=\"has-text-align-center has-text-color\" style=\"color:#999999;font-size:14px\">Direcci\u00f3n IP Java \/ Puerto<br><strong><mark style=\"background-color:rgba(0, 0, 0, 0)\" class=\"has-inline-color has-accent-color\"> mc.lanaranja.es:25565<\/mark><\/strong><\/p>\n\n\n\n<p class=\"has-text-align-center has-text-color\" style=\"color:#999999;font-size:14px\"><strong><br><\/strong>Direcci\u00f3n IP Bedrock \/ Puerto<br><strong><mark style=\"background-color:rgba(0, 0, 0, 0)\" class=\"has-inline-color has-accent-color\"> mc.lanaranja.es:19132<\/mark><\/strong><\/p>\n\n\n\n<p><\/p>\n\n\n\n<div style=\"height:25px\" aria-hidden=\"true\" class=\"wp-block-spacer\"><\/div>\n<\/div>\n\n\n\n<div class=\"wp-block-column is-layout-flow wp-block-column-is-layout-flow\">\n<figure class=\"wp-block-gallery aligncenter has-nested-images columns-default is-cropped wp-block-gallery-2 is-layout-flex wp-block-gallery-is-layout-flex\">\n<figure class=\"wp-block-image size-large\"><img loading=\"lazy\" decoding=\"async\" width=\"160\" height=\"160\" data-id=\"103\" src=\"https:\/\/lanaranja.es\/wp-content\/uploads\/2022\/03\/pico.webp\" alt=\"\" class=\"wp-image-103\" srcset=\"https:\/\/lanaranja.es\/wp-content\/uploads\/2022\/03\/pico.webp 160w, https:\/\/lanaranja.es\/wp-content\/uploads\/2022\/03\/pico-150x150.webp 150w\" sizes=\"auto, (max-width: 160px) 100vw, 160px\" \/><\/figure>\n<\/figure>\n\n\n\n<h5 class=\"has-text-align-center has-text-color wp-block-heading\" style=\"color:#3c4858;font-size:18px\">Servidor Survival<\/h5>\n\n\n\n<p class=\"has-text-align-center has-text-color\" style=\"color:#999999;font-size:14px\">El mejor y m\u00e1s recomendado, empieza tu aventura como en cualquier otro servidor survival, a diferencia, de todos los implementos que \u00e9ste contine, tales como mascotas, veh\u00edculos, ganchos para escalar las monta\u00f1as y mucho m\u00e1s por descubrir. Y todo esto, sin necesidad de instalar ning\u00fan mod.<\/p>\n\n\n\n<p class=\"has-text-align-center has-text-color\" style=\"color:#999999;font-size:14px\">No pierdas la oportunidad de jugar a esta modalidad que, con diferencia, es la m\u00e1s completa y divertida.<\/p>\n\n\n\n<div style=\"height:25px\" aria-hidden=\"true\" class=\"wp-block-spacer\"><\/div>\n<\/div>\n\n\n\n<div class=\"wp-block-column is-layout-flow wp-block-column-is-layout-flow\">\n<figure class=\"wp-block-gallery aligncenter has-nested-images columns-default is-cropped wp-block-gallery-3 is-layout-flex wp-block-gallery-is-layout-flex\">\n<figure class=\"wp-block-image size-large\"><img loading=\"lazy\" decoding=\"async\" width=\"160\" height=\"160\" data-id=\"104\" src=\"https:\/\/lanaranja.es\/wp-content\/uploads\/2022\/03\/juegos-1.webp\" alt=\"\" class=\"wp-image-104\" srcset=\"https:\/\/lanaranja.es\/wp-content\/uploads\/2022\/03\/juegos-1.webp 160w, https:\/\/lanaranja.es\/wp-content\/uploads\/2022\/03\/juegos-1-150x150.webp 150w\" sizes=\"auto, (max-width: 160px) 100vw, 160px\" \/><\/figure>\n<\/figure>\n\n\n\n<h5 class=\"has-text-align-center has-text-color wp-block-heading\" style=\"color:#3c4858;font-size:18px\">Servidor Minijuegos<\/h5>\n\n\n\n<p class=\"has-text-align-center has-text-color\" style=\"color:#999999;font-size:14px\">En este servidor encontrar\u00e1s:<br><br><strong><mark style=\"background-color:rgba(0, 0, 0, 0)\" class=\"has-inline-color has-black-color\">TNTRun<\/mark><\/strong><br>Corre sin parar, y trata de no caerte, el \u00faltimo en caer ser\u00e1 el vencedor.<br><br><strong><mark style=\"background-color:rgba(0, 0, 0, 0)\" class=\"has-inline-color has-black-color\">SkyWars<\/mark><\/strong><br>Una guerra en la que cada cual empieza en su propia isla, con cofres que contienen objetos aleatorios, trata de matar a tus contrincantes.<br><br><strong><mark style=\"background-color:rgba(0, 0, 0, 0)\" class=\"has-inline-color has-black-color\">Modo Creativo<\/mark><\/strong><br>Aqu\u00ed encontrar\u00e1s unas parcelas enormes, donde desarrollar toda tu creatividad.<br><br><strong><mark style=\"background-color:rgba(0, 0, 0, 0)\" class=\"has-inline-color has-black-color\">Kit PvP<\/mark><\/strong><br>Pelea infinita seleccionando tu kit, puedes ser guerrero, arquero, tanque, ninja, y mago. Combina varios kits, y ser\u00e1s invencible, te lo aseguro.<br><br><strong><mark style=\"background-color:rgba(0, 0, 0, 0)\" class=\"has-inline-color has-black-color\">Call of Duty<\/mark><\/strong><br>Compra tus armas, explosivos, y objetos de defensa, con el dinero que recibes en tu paga, y gana m\u00e1s dinero por matar a otros jugadores.<br><br><strong><mark style=\"background-color:rgba(0, 0, 0, 0)\" class=\"has-inline-color has-black-color\">OneBlock<\/mark><\/strong><br>Comienzas sobre un bloque, que al ir destruyendo, ir\u00e1 regener\u00e1ndose aleatoriamente, para que amplies tu isla, e ir pudiendo subir de nivel.<br><br><strong><mark style=\"background-color:rgba(0, 0, 0, 0)\" class=\"has-inline-color has-black-color\">MobArena<\/mark><\/strong><br>Elige tu kit, y combate contra ordas de monstruos, que vendr\u00e1n cada vez m\u00e1s fuertes. \u00bfHasta d\u00f3nde eres capaz de llegar?<br><\/p>\n\n\n\n<div style=\"height:25px\" aria-hidden=\"true\" class=\"wp-block-spacer\"><\/div>\n<\/div>\n<\/div>\n\n\n\n<div style=\"height:40px\" aria-hidden=\"true\" class=\"wp-block-spacer\"><\/div>\n<\/div><\/div>\n","protected":false},"excerpt":{"rendered":"","protected":false},"author":1,"featured_media":0,"parent":0,"menu_order":0,"comment_status":"closed","ping_status":"closed","template":"","meta":{"footnotes":""},"class_list":["post-61","page","type-page","status-publish","hentry"],"_links":{"self":[{"href":"https:\/\/lanaranja.es\/index.php\/wp-json\/wp\/v2\/pages\/61","targetHints":{"allow":["GET"]}}],"collection":[{"href":"https:\/\/lanaranja.es\/index.php\/wp-json\/wp\/v2\/pages"}],"about":[{"href":"https:\/\/lanaranja.es\/index.php\/wp-json\/wp\/v2\/types\/page"}],"author":[{"embeddable":true,"href":"https:\/\/lanaranja.es\/index.php\/wp-json\/wp\/v2\/users\/1"}],"replies":[{"embeddable":true,"href":"https:\/\/lanaranja.es\/index.php\/wp-json\/wp\/v2\/comments?post=61"}],"version-history":[{"count":10,"href":"https:\/\/lanaranja.es\/index.php\/wp-json\/wp\/v2\/pages\/61\/revisions"}],"predecessor-version":[{"id":170,"href":"https:\/\/lanaranja.es\/index.php\/wp-json\/wp\/v2\/pages\/61\/revisions\/170"}],"wp:attachment":[{"href":"https:\/\/lanaranja.es\/index.php\/wp-json\/wp\/v2\/media?parent=61"}],"curies":[{"name":"wp","href":"https:\/\/api.w.org\/{rel}","templated":true}]}}